{"id":2563,"date":"2021-03-25T10:39:09","date_gmt":"2021-03-25T09:39:09","guid":{"rendered":"https:\/\/flaminiaimmobiliare.it\/home\/"},"modified":"2021-03-25T12:39:13","modified_gmt":"2021-03-25T11:39:13","slug":"home","status":"publish","type":"page","link":"https:\/\/flaminiaimmobiliare.it\/fr\/","title":{"rendered":"Home"},"content":{"rendered":"<div class=\"pxp-services-h pt-100 pb-100 \">\n                        <div class=\"container\">\n                            <h2 class=\"pxp-section-h2\">A propos<\/h2>\n                            <p class=\"pxp-text-light\"><\/p>\n\n                            <div class=\"pxp-services-h-container mt-4 mt-md-5\">\n                                <div class=\"pxp-services-h-fig pxp-cover pxp-animate-in rounded-lg\" style=\"background-image: url(https:\/\/flaminiaimmobiliare.it\/wp-content\/uploads\/2021\/02\/DAN3470.jpg);\"><\/div>\n                                <div class=\"pxp-services-h-items pxp-animate-in ml-0 ml-lg-5 mt-4 mt-md-5 mt-lg-0\"><div class=\"pxp-services-h-item \">\n                                        <div class=\"media\"><div class=\"media-body\">\n                                                <h5 class=\"mt-0\">Trouvez votre maison id\u00e9ale<\/h5>\n                                                Trouver un agent immobilier est facile, trouver une agence immobili\u00e8re sp\u00e9cialis\u00e9e dans le luxe est difficile, trouver la bonne marque la diff\u00e9rence entre vos r\u00eaves et leur r\u00e9alisation.\n                                            <\/div>\n                                        <\/div>\n                                    <\/div><div class=\"pxp-services-h-item mt-3 mt-md-4\">\n                                        <div class=\"media\"><div class=\"media-body\">\n                                                <h5 class=\"mt-0\"><\/h5>\n                                                Flaminia Immobiliare poss\u00e8de de nombreuses ann\u00e9es d&#039;exp\u00e9rience dans la vente de solutions de logement de luxe, avec une attention particuli\u00e8re aux quartiers les plus prestigieux de Rome et de Milan et aux attractions touristiques sur tout le territoire italien.\n                                            <\/div>\n                                        <\/div>\n                                    <\/div><div class=\"pxp-services-h-item mt-3 mt-md-4\">\n                                        <div class=\"media\"><div class=\"media-body\">\n                                                <h5 class=\"mt-0\"><\/h5>\n                                                Nous nous chargeons \u00e9galement d&#039;apporter tous les conseils n\u00e9cessaires lors des \u00e9tapes ult\u00e9rieures de l&#039;achat, de la conception \u00e0 la r\u00e9novation, en passant par l&#039;assistance aux demandes de financement des grands \u00e9tablissements de cr\u00e9dit.\n                                            <\/div>\n                                        <\/div>\n                                    <\/div><\/div>\n                            <\/div>\n                        <\/div>\n                    <\/div>\n<div class=\"pxp-subscribe-section pxp-full pxp-cover pt-100 pb-100 \" style=\"background-image: url(https:\/\/flaminiaimmobiliare.it\/wp-content\/uploads\/2021\/02\/DAN5760-HDR-Modifica.jpg);\">\n                <div class=\"container\">\n                    <h2 class=\"pxp-section-h2\"><\/h2>\n                    <p class=\"pxp-text-light\"><\/p>\n                    <div class=\"row mt-4 mt-md-5\">\n                        <div class=\"col-sm-12 col-md-6\">\n                            <div class=\"pxp-subscribe-1-form\" id=\"pxp-subscribe-form\"><input type=\"hidden\" id=\"security-subscribe\" name=\"security-subscribe\" value=\"ca0c1ce191\" \/><input type=\"hidden\" name=\"_wp_http_referer\" value=\"\/fr\/wp-json\/wp\/v2\/pages\/2563\" \/><div class=\"pxp-subscribe-form-response\"><\/div>\n                                <input type=\"text\" id=\"pxp-subscribe-email\" name=\"pxp-subscribe-email\" class=\"form-control\" placeholder=\"Entrer votre Email...\">\n                                <a href=\"javascript:void(0);\" id=\"pxp-subscribe-form-btn\" class=\"pxp-primary-cta text-uppercase pxp-animate mt-3 mt-md-4\"><img src=\"https:\/\/flaminiaimmobiliare.it\/wp-content\/plugins\/resideo-plugin\/images\/loader-dark.svg\" class=\"pxp-loader pxp-is-btn\" alt=\"...\"> Subscribe<\/a>\n                            <\/div>\n                        <\/div>\n                    <\/div>\n                <\/div>\n            <\/div>\n","protected":false},"excerpt":{"rendered":"","protected":false},"author":1,"featured_media":0,"parent":0,"menu_order":0,"comment_status":"closed","ping_status":"closed","template":"fullwidth.php","meta":[],"_links":{"self":[{"href":"https:\/\/flaminiaimmobiliare.it\/fr\/wp-json\/wp\/v2\/pages\/2563"}],"collection":[{"href":"https:\/\/flaminiaimmobiliare.it\/fr\/wp-json\/wp\/v2\/pages"}],"about":[{"href":"https:\/\/flaminiaimmobiliare.it\/fr\/wp-json\/wp\/v2\/types\/page"}],"author":[{"embeddable":true,"href":"https:\/\/flaminiaimmobiliare.it\/fr\/wp-json\/wp\/v2\/users\/1"}],"replies":[{"embeddable":true,"href":"https:\/\/flaminiaimmobiliare.it\/fr\/wp-json\/wp\/v2\/comments?post=2563"}],"version-history":[{"count":4,"href":"https:\/\/flaminiaimmobiliare.it\/fr\/wp-json\/wp\/v2\/pages\/2563\/revisions"}],"predecessor-version":[{"id":2628,"href":"https:\/\/flaminiaimmobiliare.it\/fr\/wp-json\/wp\/v2\/pages\/2563\/revisions\/2628"}],"wp:attachment":[{"href":"https:\/\/flaminiaimmobiliare.it\/fr\/wp-json\/wp\/v2\/media?parent=2563"}],"curies":[{"name":"wp","href":"https:\/\/api.w.org\/{rel}","templated":true}]}}